{"id":1536,"date":"2022-08-03T16:21:53","date_gmt":"2022-08-03T14:21:53","guid":{"rendered":"https:\/\/dotlinecode.com\/strona-glowna\/"},"modified":"2026-04-23T13:22:48","modified_gmt":"2026-04-23T11:22:48","slug":"strona-glowna","status":"publish","type":"page","link":"https:\/\/dotlinecode.com\/fr\/","title":{"rendered":"Strona g\u0142\u00f3wna"},"content":{"rendered":"","protected":false},"excerpt":{"rendered":"","protected":false},"author":2,"featured_media":0,"parent":0,"menu_order":0,"comment_status":"closed","ping_status":"closed","template":"template-pages\/front-page.php","meta":{"_acf_changed":false,"footnotes":""},"class_list":["post-1536","page","type-page","status-publish","hentry"],"acf":[],"yoast_head":"<!-- This site is optimized with the Yoast SEO plugin v27.5 - https:\/\/yoast.com\/product\/yoast-seo-wordpress\/ -->\n<title>DotLineCode \u2014 Agence Digitale Cracovie | Web Design &amp; Branding<\/title>\n<meta name=\"description\" content=\"DotLineCode est une agence digitale de Cracovie. Nous cr\u00e9ons des sites web, du branding et du marketing de contenu. UI\/UX design, d\u00e9veloppement web.\" \/>\n<meta name=\"robots\" content=\"index, follow, max-snippet:-1, max-image-preview:large, max-video-preview:-1\" \/>\n<link rel=\"canonical\" href=\"https:\/\/dotlinecode.com\/fr\/\" \/>\n<meta property=\"og:locale\" content=\"fr_FR\" \/>\n<meta property=\"og:type\" content=\"article\" \/>\n<meta property=\"og:title\" content=\"DotLineCode \u2014 Agence Digitale Cracovie\" \/>\n<meta property=\"og:description\" content=\"Nous cr\u00e9ons des produits num\u00e9riques et des identit\u00e9s visuelles. Web design, branding, copywriting \u2014 Cracovie.\" \/>\n<meta property=\"og:url\" content=\"https:\/\/dotlinecode.com\/fr\/\" \/>\n<meta property=\"og:site_name\" content=\"DotLineCode\" \/>\n<meta property=\"article:publisher\" content=\"https:\/\/www.facebook.com\/people\/Dot-Line-Code\/100083157174992\/\" \/>\n<meta property=\"article:modified_time\" content=\"2026-04-23T11:22:48+00:00\" \/>\n<meta property=\"og:image\" content=\"https:\/\/dotlinecode.com\/wp-content\/uploads\/2026\/04\/dotlinecode-1.png\" \/>\n\t<meta property=\"og:image:width\" content=\"1200\" \/>\n\t<meta property=\"og:image:height\" content=\"630\" \/>\n\t<meta property=\"og:image:type\" content=\"image\/png\" \/>\n<meta name=\"twitter:card\" content=\"summary_large_image\" \/>\n<!-- \/ Yoast SEO plugin. -->","yoast_head_json":{"title":"DotLineCode \u2014 Agence Digitale Cracovie | Web Design & Branding","description":"DotLineCode est une agence digitale de Cracovie. Nous cr\u00e9ons des sites web, du branding et du marketing de contenu. UI\/UX design, d\u00e9veloppement web.","robots":{"index":"index","follow":"follow","max-snippet":"max-snippet:-1","max-image-preview":"max-image-preview:large","max-video-preview":"max-video-preview:-1"},"canonical":"https:\/\/dotlinecode.com\/fr\/","og_locale":"fr_FR","og_type":"article","og_title":"DotLineCode \u2014 Agence Digitale Cracovie","og_description":"Nous cr\u00e9ons des produits num\u00e9riques et des identit\u00e9s visuelles. Web design, branding, copywriting \u2014 Cracovie.","og_url":"https:\/\/dotlinecode.com\/fr\/","og_site_name":"DotLineCode","article_publisher":"https:\/\/www.facebook.com\/people\/Dot-Line-Code\/100083157174992\/","article_modified_time":"2026-04-23T11:22:48+00:00","og_image":[{"width":1200,"height":630,"url":"https:\/\/dotlinecode.com\/wp-content\/uploads\/2026\/04\/dotlinecode-1.png","type":"image\/png"}],"twitter_card":"summary_large_image","schema":{"@context":"https:\/\/schema.org","@graph":[{"@type":"WebPage","@id":"https:\/\/dotlinecode.com\/fr\/","url":"https:\/\/dotlinecode.com\/fr\/","name":"DotLineCode \u2014 Agence Digitale Cracovie | Web Design & Branding","isPartOf":{"@id":"https:\/\/dotlinecode.com\/fr\/#website"},"datePublished":"2022-08-03T14:21:53+00:00","dateModified":"2026-04-23T11:22:48+00:00","description":"DotLineCode est une agence digitale de Cracovie. Nous cr\u00e9ons des sites web, du branding et du marketing de contenu. UI\/UX design, d\u00e9veloppement web.","breadcrumb":{"@id":"https:\/\/dotlinecode.com\/fr\/#breadcrumb"},"inLanguage":"fr-FR","potentialAction":[{"@type":"ReadAction","target":["https:\/\/dotlinecode.com\/fr\/"]}]},{"@type":"BreadcrumbList","@id":"https:\/\/dotlinecode.com\/fr\/#breadcrumb","itemListElement":[{"@type":"ListItem","position":1,"name":"Home","item":"https:\/\/dotlinecode.com\/fr\/"},{"@type":"ListItem","position":2,"name":"Strona g\u0142\u00f3wna"}]},{"@type":"WebSite","@id":"https:\/\/dotlinecode.com\/fr\/#website","url":"https:\/\/dotlinecode.com\/fr\/","name":"DotLineCode","description":"","publisher":{"@id":"https:\/\/dotlinecode.com\/fr\/#organization"},"potentialAction":[{"@type":"SearchAction","target":{"@type":"EntryPoint","urlTemplate":"https:\/\/dotlinecode.com\/fr\/?s={search_term_string}"},"query-input":{"@type":"PropertyValueSpecification","valueRequired":true,"valueName":"search_term_string"}}],"inLanguage":"fr-FR"},{"@type":"Organization","@id":"https:\/\/dotlinecode.com\/fr\/#organization","name":"DotLineCode","url":"https:\/\/dotlinecode.com\/fr\/","logo":{"@type":"ImageObject","inLanguage":"fr-FR","@id":"https:\/\/dotlinecode.com\/fr\/#\/schema\/logo\/image\/","url":"https:\/\/dotlinecode.com\/wp-content\/uploads\/2026\/04\/dotlinecode.png","contentUrl":"https:\/\/dotlinecode.com\/wp-content\/uploads\/2026\/04\/dotlinecode.png","width":243,"height":203,"caption":"DotLineCode"},"image":{"@id":"https:\/\/dotlinecode.com\/fr\/#\/schema\/logo\/image\/"},"sameAs":["https:\/\/www.facebook.com\/people\/Dot-Line-Code\/100083157174992\/","https:\/\/www.behance.net\/dotlinecodeagency","https:\/\/www.linkedin.com\/company\/dotlinecode\/","https:\/\/www.instagram.com\/dot.line_code\/"]}]}},"_links":{"self":[{"href":"https:\/\/dotlinecode.com\/fr\/wp-json\/wp\/v2\/pages\/1536","targetHints":{"allow":["GET"]}}],"collection":[{"href":"https:\/\/dotlinecode.com\/fr\/wp-json\/wp\/v2\/pages"}],"about":[{"href":"https:\/\/dotlinecode.com\/fr\/wp-json\/wp\/v2\/types\/page"}],"author":[{"embeddable":true,"href":"https:\/\/dotlinecode.com\/fr\/wp-json\/wp\/v2\/users\/2"}],"replies":[{"embeddable":true,"href":"https:\/\/dotlinecode.com\/fr\/wp-json\/wp\/v2\/comments?post=1536"}],"version-history":[{"count":14,"href":"https:\/\/dotlinecode.com\/fr\/wp-json\/wp\/v2\/pages\/1536\/revisions"}],"predecessor-version":[{"id":2547,"href":"https:\/\/dotlinecode.com\/fr\/wp-json\/wp\/v2\/pages\/1536\/revisions\/2547"}],"wp:attachment":[{"href":"https:\/\/dotlinecode.com\/fr\/wp-json\/wp\/v2\/media?parent=1536"}],"curies":[{"name":"wp","href":"https:\/\/api.w.org\/{rel}","templated":true}]}}