{"id":1652,"date":"2022-08-10T19:07:07","date_gmt":"2022-08-10T17:07:07","guid":{"rendered":"https:\/\/dotlinecode.com\/polityka-prywatnosci\/"},"modified":"2025-02-27T18:02:49","modified_gmt":"2025-02-27T17:02:49","slug":"politique-de-confidentialite","status":"publish","type":"page","link":"https:\/\/dotlinecode.com\/fr\/politique-de-confidentialite\/","title":{"rendered":"Politique de Confidentialit\u00e9"},"content":{"rendered":"\n<ol class=\"wp-block-list\">\n<li>Cette Politique de Confidentialit\u00e9 a \u00e9t\u00e9 r\u00e9dig\u00e9e pour d\u00e9montrer que les donn\u00e9es personnelles sont trait\u00e9es et s\u00e9curis\u00e9es conform\u00e9ment aux exigences l\u00e9gales concernant les principes de traitement et de protection des donn\u00e9es, y compris le R\u00e8glement (UE) 2016\/679 du Parlement europ\u00e9en et du Conseil du 27 avril 2016 concernant la protection des personnes physiques \u00e0 l&rsquo;\u00e9gard du traitement des donn\u00e9es \u00e0 caract\u00e8re personnel et sur la libre circulation de ces donn\u00e9es, et abrogeant la Directive 95\/46\/CE (ci-apr\u00e8s d\u00e9nomm\u00e9 le RGPD).<\/li>\n\n\n\n<li>L&rsquo;administrateur de vos donn\u00e9es personnelles est DotLineCode, une soci\u00e9t\u00e9 \u00e0 responsabilit\u00e9 limit\u00e9e, dont le si\u00e8ge est situ\u00e9 \u00e0 Cracovie, Plac Wolnica 31-060 Cracovie, enregistr\u00e9e au Registre des Entrepreneurs du Registre National des Jugements tenu par le Tribunal de District pour la ville de Cracovie, 11e Division Commerciale du Registre National des Jugements sous le num\u00e9ro KRS : 0000982799, NIP : 676 26 22 111, REGON : 522616346, adresse e-mail : <a>contact@dotlinecode.com<\/a>.<\/li>\n\n\n\n<li>L&rsquo;administrateur traite vos donn\u00e9es personnelles obtenues de votre part dans le cadre de la gestion de la communication avec les utilisateurs du site web <a href=\"https:\/\/dev.dotlinecode.com\">https:\/\/dev.dotlinecode.com<\/a> dans le but de conclure ou d&rsquo;ex\u00e9cuter un contrat d\u00e9j\u00e0 conclu.<\/li>\n\n\n\n<li>Vos donn\u00e9es sont trait\u00e9es sur la base des int\u00e9r\u00eats l\u00e9gitimes de l&rsquo;Administrateur, de votre consentement (Article 6(1)(a) du RGPD), d&rsquo;exigences l\u00e9gales (Article 6(1)(c) du RGPD), d&rsquo;exigences contractuelles (Article 6(1)(b) du RGPD) afin de :\n<ul class=\"wp-block-list\">\n<li>Communiquer avec les utilisateurs du site web <a href=\"https:\/\/dev.dotlinecode.com\">https:\/\/dev.dotlinecode.com<\/a> pour fournir des informations suppl\u00e9mentaires sur l&rsquo;offre<\/li>\n\n\n\n<li>Communiquer avec les utilisateurs du site qui ont compl\u00e9t\u00e9 et envoy\u00e9 le formulaire de contact (r\u00e9ponse \u00e0 la question pos\u00e9e via le formulaire de contact) situ\u00e9 sur le site de l&rsquo;Administrateur <a href=\"https:\/\/dev.dotlinecode.com\">https:\/\/dev.dotlinecode.com<\/a> ou sur l&rsquo;une des sous-pages ;<\/li>\n\n\n\n<li>Ex\u00e9cution du contrat ;<\/li>\n<\/ul>\n<\/li>\n\n\n\n<li>Vos donn\u00e9es seront trait\u00e9es aussi longtemps que n\u00e9cessaire pour r\u00e9pondre \u00e0 votre demande (r\u00e9alisant le but du traitement d\u00e9crit au point 4, lettre a ci-dessus) et jusqu&rsquo;\u00e0 ce que vous soyez int\u00e9ress\u00e9 \u00e0 recevoir des informations suppl\u00e9mentaires. Dans le reste de l&rsquo;\u00e9tendue, vos donn\u00e9es seront trait\u00e9es au minimum pour la dur\u00e9e pendant laquelle la loi exige la conservation des donn\u00e9es ou pour la p\u00e9riode de prescription de toute r\u00e9clamation pour laquelle il est n\u00e9cessaire de conserver des donn\u00e9es.<\/li>\n\n\n\n<li>La fourniture de donn\u00e9es est volontaire et permet de r\u00e9pondre \u00e0 la question pos\u00e9e via le formulaire de contact et de fournir des informations suppl\u00e9mentaires.<\/li>\n\n\n\n<li>En lien avec le traitement de vos donn\u00e9es personnelles, vous avez le droit de demander l&rsquo;acc\u00e8s \u00e0 vos donn\u00e9es personnelles, leur rectification, leur suppression (droit \u00e0 l&rsquo;oubli) ou la limitation du traitement, ainsi que le droit de vous opposer au traitement et le droit de transf\u00e9rer vos donn\u00e9es et de d\u00e9poser une plainte aupr\u00e8s de l&rsquo;autorit\u00e9 de contr\u00f4le. Dans le cadre du traitement des donn\u00e9es conform\u00e9ment \u00e0 l&rsquo;art. 6, section 1, lettre a) du RGPD, vous avez le droit de retirer votre consentement \u00e0 tout moment. Vous avez le droit de vous opposer \u00e0 tout moment, pour des raisons li\u00e9es \u00e0 votre situation particuli\u00e8re, au traitement de vos donn\u00e9es en vertu de l&rsquo;art. 6, section 1, lettres e) ou f) du RGPD, y compris le profilage.<\/li>\n\n\n\n<li>Vos donn\u00e9es personnelles peuvent \u00eatre transf\u00e9r\u00e9es en dehors de l&rsquo;Union europ\u00e9enne (par exemple, aux \u00c9tats-Unis). Dans ces cas, les entit\u00e9s dont nous utilisons les services traitent vos donn\u00e9es personnelles en dehors de l&rsquo;Espace \u00e9conomique europ\u00e9en, mais cela se fait sur la base des soi-disant clauses contractuelles types, des dispositions du contrat conclu entre nous et les entit\u00e9s avec lesquelles nous coop\u00e9rons, par exemple Google, qui garantissent un degr\u00e9 ad\u00e9quat de traitement s\u00e9curis\u00e9 de vos donn\u00e9es personnelles. De plus, les identifiants et le niveau d&rsquo;anonymisation utilis\u00e9s rendent impossible votre identification.<\/li>\n\n\n\n<li>Nous utilisons des outils analytiques Google Analytics qui collectent des informations sur vos visites sur le site, telles que les sous-pages que vous avez affich\u00e9es, le temps pass\u00e9 sur le site ou les transitions entre les diff\u00e9rentes sous-pages. \u00c0 cette fin, des cookies de Google LLC pour le service Google Analytics sont utilis\u00e9s. Dans le cadre de Google Analytics, nous collectons des donn\u00e9es d\u00e9mographiques et d&rsquo;int\u00e9r\u00eat. Des informations suppl\u00e9mentaires peuvent \u00eatre obtenues sur : <a href=\"https:\/\/support.google.com\/analytics#topic=10737980\">https:\/\/support.google.com\/analytics#topic=10737980<\/a>. Le stockage des cookies dans le cadre de Google Analytics et l&rsquo;utilisation de cet outil de suivi reposent sur l&rsquo;art. 6, section 1, lettre a) du RGPD.<\/li>\n\n\n\n<li>L&rsquo;administrateur utilise le pixel Facebook. Cette technologie signifie que Facebook (Facebook Inc. bas\u00e9 aux \u00c9tats-Unis) sait qu&rsquo;une personne donn\u00e9e enregistr\u00e9e sur sa plateforme utilise le site. Dans ce cas, il se base sur des donn\u00e9es dont il est lui-m\u00eame l&rsquo;administrateur, l&rsquo;Administrateur ne fournissant aucune donn\u00e9e personnelle suppl\u00e9mentaire \u00e0 Facebook. Le service repose sur l&rsquo;utilisation de cookies sur le dispositif final de l&rsquo;utilisateur.<\/li>\n\n\n\n<li>L&rsquo;administrateur des donn\u00e9es s&rsquo;engage \u00e0 faire preuve de la plus grande diligence afin de prot\u00e9ger la vie priv\u00e9e des utilisateurs du site, principalement par l&rsquo;utilisation de mesures de s\u00e9curit\u00e9 technique de haute qualit\u00e9 pour prot\u00e9ger ces donn\u00e9es contre l&rsquo;acc\u00e8s de tiers.<\/li>\n\n\n\n<li>M\u00e9thodes de protection des donn\u00e9es s\u00e9lectionn\u00e9es utilis\u00e9es par l&rsquo;Administrateur :\n<ul class=\"wp-block-list\">\n<li>Les lieux de connexion et de saisie des donn\u00e9es personnelles sont prot\u00e9g\u00e9s dans la couche de transmission (certificat SSL). Gr\u00e2ce \u00e0 cela, les donn\u00e9es personnelles et les identifiants de connexion saisis sur le site sont crypt\u00e9s sur l&rsquo;ordinateur de l&rsquo;utilisateur et ne peuvent \u00eatre lus que sur le serveur cible.<\/li>\n\n\n\n<li>L&rsquo;administrateur change p\u00e9riodiquement ses mots de passe administratifs.<\/li>\n\n\n\n<li>Un \u00e9l\u00e9ment important de la protection des donn\u00e9es est la mise \u00e0 jour r\u00e9guli\u00e8re de tous les logiciels utilis\u00e9s par l&rsquo;Administrateur pour traiter les donn\u00e9es personnelles, ce qui signifie notamment des mises \u00e0 jour r\u00e9guli\u00e8res des composants de programmation.<\/li>\n<\/ul>\n<\/li>\n\n\n\n<li>H\u00e9bergement &#8211; le site est h\u00e9berg\u00e9 (techniquement maintenu) sur des serveurs dhosting.<\/li>\n\n\n\n<li>Journaux de l&rsquo;administrateur &#8211; des informations sur le comportement des utilisateurs sur le site peuvent \u00eatre enregistr\u00e9es. Ces donn\u00e9es sont utilis\u00e9es pour administrer le site.<\/li>\n\n\n\n<li>L&rsquo;administrateur des donn\u00e9es, sauf dans les cas sp\u00e9cifi\u00e9s dans les dispositions l\u00e9gales pertinentes, est tenu de ne pas divulguer vos donn\u00e9es \u00e0 des tiers.<\/li>\n\n\n\n<li>Dans le cadre de la r\u00e9alisation de ses droits et obligations, l&rsquo;Administrateur peut utiliser les services d&rsquo;entit\u00e9s traitant des donn\u00e9es en son nom. Les entit\u00e9s collaborant avec l&rsquo;Administrateur \u00e0 cet \u00e9gard fournissent des garanties suffisantes pour la mise en \u0153uvre de mesures techniques et organisationnelles appropri\u00e9es afin que le traitement respecte les exigences des dispositions l\u00e9gales, en particulier du RGPD, et prot\u00e8ge les droits des personnes concern\u00e9es.<\/li>\n\n\n\n<li>Le responsable des donn\u00e9es n&rsquo;est pas responsable de la fourniture de vos donn\u00e9es dans le cas o\u00f9 elles auraient \u00e9t\u00e9 mises \u00e0 disposition par votre faute ou sur la base de la loi applicable, c&rsquo;est-\u00e0-dire en particulier sur la base d&rsquo;une demande d&rsquo;autorit\u00e9s \u00e9tatiques autoris\u00e9es dans le cadre de leurs proc\u00e9dures.<\/li>\n<\/ol>\n\n\n\n<p><strong>Politique de Cookies<\/strong><\/p>\n\n\n\n<p>Notre site utilise des cookies et des fichiers similaires pour adapter le site aux besoins des utilisateurs et \u00e0 des fins statistiques. Les cookies sont de petits fichiers texte envoy\u00e9s par le site web visit\u00e9 par l&rsquo;utilisateur \u00e0 l&rsquo;appareil de l&rsquo;utilisateur. Les cookies sont \u00e9galement utilis\u00e9s par les sites web auxquels nous renvoyons, par exemple, en affichant des \u00e9l\u00e9ments multim\u00e9dias ou des \u00e9l\u00e9ments de r\u00e9seaux sociaux.<\/p>\n\n\n\n<p><\/p>\n\n\n\n<p><br><strong>Cookies utilis\u00e9s sur notre site<\/strong><\/p>\n\n\n\n<p>Le tableau ci-dessous montre quels fichiers nous utilisons et pourquoi.<\/p>\n\n\n\n<p><\/p>\n\n\n\n<figure class=\"wp-block-table\"><table><tbody><tr><td><strong>Cookie<\/strong><\/td><td><strong>Nom<\/strong><\/td><td><strong>Type<\/strong><\/td><td><strong>Objectif<\/strong><\/td><td><strong>Dur\u00e9e de conservation<\/strong><\/td><\/tr><tr><td>Cookiebot<\/td><td>CookieConsent<\/td><td>HTTP Cookie<\/td><td>Essentiel<\/td><td>1 an<\/td><\/tr><tr><td>Cookiebot<\/td><td>1.gif<\/td><td>Pixel Tracker<\/td><td>Essentiel<\/td><td>De session<\/td><\/tr><tr><td>dotlinecode.com<\/td><td>wp-wpml_current_language<\/td><td>HTTP Cookie<\/td><td>Pr\u00e9f\u00e9rences<\/td><td>De session<\/td><\/tr><tr><td>Google<\/td><td>_ga<\/td><td>HTTP Cookie<\/td><td>Statistiques<\/td><td>2 ans<\/td><\/tr><tr><td>Google<\/td><td>_ga_#<\/td><td>HTTP Cookie<\/td><td>Statistiques<\/td><td>2 ans<\/td><\/tr><tr><td>HotJar<\/td><td>_hjCookieTest<\/td><td>HTTP Cookie<\/td><td>Statistiques<\/td><td>De session<\/td><\/tr><tr><td>HotJar<\/td><td>_hjSession_#<\/td><td>HTTP Cookie<\/td><td>Statistiques<\/td><td>1 jour<\/td><\/tr><tr><td>HotJar<\/td><td>_hjSessionUser_#<\/td><td>HTTP Cookie<\/td><td>Statistiques<\/td><td>1 an<\/td><\/tr><tr><td>HotJar<\/td><td>hjActiveViewportIds<\/td><td>Lokalny magazyn HTML<\/td><td>Statistiques<\/td><td>Permanent<\/td><\/tr><tr><td>HotJar<\/td><td>hjViewportId<\/td><td>Lokalny magazyn HTML<\/td><td>Statistiques<\/td><td>De session<\/td><\/tr><\/tbody><\/table><\/figure>\n\n\n\n<p>Le navigateur web peut modifier les param\u00e8tres des cookies. Si vous ne changez pas ces param\u00e8tres, vous acceptez les cookies utilis\u00e9s ici.<\/p>\n\n\n\n<p>Les cookies utilis\u00e9s par le site web sont :<\/p>\n\n\n\n<ul class=\"wp-block-list\">\n<li><strong>fichiers de performance<\/strong>, c&rsquo;est-\u00e0-dire des fichiers utilis\u00e9s pour collecter des informations sur l&rsquo;utilisation du site web afin de l&rsquo;am\u00e9liorer ;<\/li>\n\n\n\n<li><strong>fichiers fonctionnels<\/strong>, c&rsquo;est-\u00e0-dire des fichiers qui permettent de \u00ab m\u00e9moriser \u00bb les param\u00e8tres de l&rsquo;utilisateur.<\/li>\n<\/ul>\n\n\n\n<p><\/p>\n\n\n\n<p><br>Liste des param\u00e8tres des cookies dans les navigateurs les plus populaires :<\/p>\n\n\n\n<ul class=\"wp-block-list\">\n<li><strong>Google Chrome:<\/strong><\/li>\n<\/ul>\n\n\n\n<p>Menu &gt; Param\u00e8tres &gt; Avanc\u00e9 &gt; Confidentialit\u00e9 &gt; Param\u00e8tres des sites &gt; Cookies &#8211; s\u00e9lectionnez l&rsquo;option appropri\u00e9e.<\/p>\n\n\n\n<ul class=\"wp-block-list\">\n<li><strong>Internet Explorer:<\/strong><\/li>\n<\/ul>\n\n\n\n<p>Menu &gt; Outils &gt; Options Internet &gt; Confidentialit\u00e9 &#8211; s\u00e9lectionnez l&rsquo;option appropri\u00e9e.<\/p>\n\n\n\n<ul class=\"wp-block-list\">\n<li><strong>Mozilla Firefox:<\/strong><\/li>\n<\/ul>\n\n\n\n<p>Menu &gt; Options &gt; Confidentialit\u00e9 &gt; Historique &#8211; s\u00e9lectionnez l&rsquo;option appropri\u00e9e.<\/p>\n\n\n\n<ul class=\"wp-block-list\">\n<li><strong>Opera:<\/strong><\/li>\n<\/ul>\n\n\n\n<p>Menu &gt; Pr\u00e9f\u00e9rences &gt; Avanc\u00e9 &gt; Cookies &#8211; s\u00e9lectionnez l&rsquo;option appropri\u00e9e.<\/p>\n\n\n\n<ul class=\"wp-block-list\">\n<li><strong>Safari:<\/strong><\/li>\n<\/ul>\n\n\n\n<p>Menu &gt; Pr\u00e9f\u00e9rences &gt; Confidentialit\u00e9 &gt; Cookies &#8211; s\u00e9lectionnez l&rsquo;option appropri\u00e9e.<\/p>\n\n\n\n<p><\/p>\n\n\n\n<p><br>Le niveau de protection contre les cookies peut \u00eatre r\u00e9gl\u00e9 dans votre navigateur web &#8211; en particulier, vous pouvez compl\u00e8tement bloquer les cookies. Cela augmente le niveau de s\u00e9curit\u00e9 et de protection des donn\u00e9es, mais cela peut \u00e9galement emp\u00eacher certaines fonctions, par exemple, la connexion \u00e0 votre compte e-mail.<\/p>\n\n\n\n<p><\/p>\n\n\n\n<p><br><strong>Les droits de la personne dont les donn\u00e9es sont trait\u00e9es conform\u00e9ment au RGPD :<\/strong><\/p>\n\n\n\n<ul class=\"wp-block-list\">\n<li><strong>Article 6, par. 3 RGPD<\/strong> &#8211; le droit de retirer son consentement au traitement des donn\u00e9es personnelles \u00e0 tout moment ; le retrait du consentement n&rsquo;affecte pas la l\u00e9galit\u00e9 du traitement effectu\u00e9 sur la base du consentement avant son retrait. Le consentement peut \u00eatre retir\u00e9 en \u00e9crivant \u00e0 l&rsquo;adresse e-mail : <a>contact@dotlinecode.com<\/a>.<\/li>\n\n\n\n<li><strong>Art. 15 du RGPD<\/strong> &#8211; le droit d&rsquo;obtenir des informations concernant vos donn\u00e9es personnelles trait\u00e9es par nos soins dans le cadre sp\u00e9cifi\u00e9.<\/li>\n\n\n\n<li><strong>Art. 16 du RGPD<\/strong> &#8211; le droit de demander la rectification imm\u00e9diate de donn\u00e9es personnelles incorrectes ou la compl\u00e9tion de donn\u00e9es personnelles incompl\u00e8tes.<\/li>\n\n\n\n<li><strong>Art. 17 du RGPD<\/strong> &#8211; \u00ab le droit \u00e0 l&rsquo;oubli \u00bb, c&rsquo;est-\u00e0-dire le droit de demander la suppression de vos donn\u00e9es personnelles collect\u00e9es par nos soins, \u00e0 condition que le traitement ult\u00e9rieur ne soit pas n\u00e9cessaire, ou dans d&rsquo;autres circonstances pr\u00e9vues par cette disposition.<\/li>\n\n\n\n<li><strong>Art. 18 du RGPD<\/strong> &#8211; le droit de demander la restriction du traitement de vos donn\u00e9es personnelles si :\n<ul class=\"wp-block-list\">\n<li>Vous contestez l&rsquo;exactitude des donn\u00e9es personnelles ;<\/li>\n\n\n\n<li>Le traitement des donn\u00e9es est illicite, mais vous ne demandez pas leur suppression ;<\/li>\n\n\n\n<li>L&rsquo;administrateur n&rsquo;a plus besoin des donn\u00e9es aux fins du traitement, mais vous en avez besoin pour \u00e9tablir, poursuivre ou d\u00e9fendre des r\u00e9clamations ;<\/li>\n\n\n\n<li>Vous vous \u00eates oppos\u00e9 au traitement de vos donn\u00e9es &#8211; la restriction du traitement durera jusqu&rsquo;\u00e0 ce qu&rsquo;il soit d\u00e9termin\u00e9 si les motifs l\u00e9gitimes de l&rsquo;administrateur l&#8217;emportent sur les motifs de votre objection ;<\/li>\n<\/ul>\n<\/li>\n\n\n\n<li><strong>Art. 20 du RGPD<\/strong> &#8211; vous avez le droit de recevoir vos donn\u00e9es personnelles que vous avez fournies \u00e0 l&rsquo;administrateur dans un format structur\u00e9, couramment utilis\u00e9 et lisible par machine, et vous avez le droit d&rsquo;envoyer ces donn\u00e9es personnelles \u00e0 un autre administrateur sans entrave de notre site, si :\n<ul class=\"wp-block-list\">\n<li>Le traitement de vos donn\u00e9es r\u00e9sulte de votre consentement, accord\u00e9 conform\u00e9ment \u00e0 l&rsquo;art. 6 sec. 1 lettre a) ou Art. 9 sec. 2 lettre a) du RGPD ; et<\/li>\n\n\n\n<li>Le traitement est effectu\u00e9 de mani\u00e8re automatis\u00e9e ;<\/li>\n<\/ul>\n<\/li>\n\n\n\n<li><strong>Art. 77 du RGPD<\/strong> &#8211; vous avez le droit de d\u00e9poser une plainte aupr\u00e8s de l&rsquo;autorit\u00e9 de contr\u00f4le, notamment dans l&rsquo;\u00c9tat membre de votre r\u00e9sidence habituelle, de votre lieu de travail ou du lieu de l&rsquo;infraction pr\u00e9sum\u00e9e, si vous estimez que le traitement de vos donn\u00e9es personnelles enfreint le RGPD.<\/li>\n<\/ul>\n\n\n\n<p><strong>Cons\u00e9quences de l&rsquo;opposition<\/strong><\/p>\n\n\n\n<p>Si vous vous opposez, nous cesserons de traiter vos donn\u00e9es personnelles. Cela ne s&rsquo;applique pas aux situations o\u00f9 il existe des motifs significatifs, valides et l\u00e9galement justifi\u00e9s, pr\u00e9valant sur vos int\u00e9r\u00eats, droits et libert\u00e9s, pour nous permettre de continuer \u00e0 traiter ces donn\u00e9es. Cela ne s&rsquo;applique pas non plus au traitement des donn\u00e9es aux fins d&rsquo;\u00e9tablir, de poursuivre ou de d\u00e9fendre des r\u00e9clamations.es not apply to data processing for the purpose of establishing<\/p>\n","protected":false},"excerpt":{"rendered":"<p>Politique de Cookies Notre site utilise des cookies et des fichiers similaires pour adapter le site aux besoins des utilisateurs et \u00e0 des fins statistiques. Les cookies sont de petits fichiers texte envoy\u00e9s par le site web visit\u00e9 par l&rsquo;utilisateur \u00e0 l&rsquo;appareil de l&rsquo;utilisateur. Les cookies sont \u00e9galement utilis\u00e9s par les sites web auxquels nous [&hellip;]<\/p>\n","protected":false},"author":2,"featured_media":0,"parent":0,"menu_order":0,"comment_status":"closed","ping_status":"closed","template":"","meta":{"_acf_changed":false,"footnotes":""},"class_list":["post-1652","page","type-page","status-publish","hentry"],"acf":[],"yoast_head":"<!-- This site is optimized with the Yoast SEO plugin v27.4 - https:\/\/yoast.com\/product\/yoast-seo-wordpress\/ -->\n<title>Politique de Confidentialit\u00e9 &#8212; DotLineCode<\/title>\n<meta name=\"robots\" content=\"index, follow, max-snippet:-1, max-image-preview:large, max-video-preview:-1\" \/>\n<link rel=\"canonical\" href=\"https:\/\/dotlinecode.com\/polityka-prywatnosci\/\" \/>\n<meta property=\"og:locale\" content=\"fr_FR\" \/>\n<meta property=\"og:type\" content=\"article\" \/>\n<meta property=\"og:title\" content=\"Politique de Confidentialit\u00e9 &#8212; DotLineCode\" \/>\n<meta property=\"og:description\" content=\"Politique de Cookies Notre site utilise des cookies et des fichiers similaires pour adapter le site aux besoins des utilisateurs et \u00e0 des fins statistiques. Les cookies sont de petits fichiers texte envoy\u00e9s par le site web visit\u00e9 par l&rsquo;utilisateur \u00e0 l&rsquo;appareil de l&rsquo;utilisateur. Les cookies sont \u00e9galement utilis\u00e9s par les sites web auxquels nous [&hellip;]\" \/>\n<meta property=\"og:url\" content=\"https:\/\/dotlinecode.com\/polityka-prywatnosci\/\" \/>\n<meta property=\"og:site_name\" content=\"DotLineCode\" \/>\n<meta property=\"article:publisher\" content=\"https:\/\/www.facebook.com\/people\/Dot-Line-Code\/100083157174992\/\" \/>\n<meta property=\"article:modified_time\" content=\"2025-02-27T17:02:49+00:00\" \/>\n<meta property=\"og:image\" content=\"https:\/\/dotlinecode.com\/wp-content\/uploads\/2026\/04\/dotlinecode.png\" \/>\n\t<meta property=\"og:image:width\" content=\"243\" \/>\n\t<meta property=\"og:image:height\" content=\"203\" \/>\n\t<meta property=\"og:image:type\" content=\"image\/png\" \/>\n<meta name=\"twitter:card\" content=\"summary_large_image\" \/>\n<meta name=\"twitter:label1\" content=\"Dur\u00e9e de lecture estim\u00e9e\" \/>\n\t<meta name=\"twitter:data1\" content=\"10 minutes\" \/>\n<script type=\"application\/ld+json\" class=\"yoast-schema-graph\">{\"@context\":\"https:\\\/\\\/schema.org\",\"@graph\":[{\"@type\":\"WebPage\",\"@id\":\"https:\\\/\\\/dotlinecode.com\\\/polityka-prywatnosci\\\/\",\"url\":\"https:\\\/\\\/dotlinecode.com\\\/polityka-prywatnosci\\\/\",\"name\":\"Politique de Confidentialit\u00e9 &#8212; DotLineCode\",\"isPartOf\":{\"@id\":\"https:\\\/\\\/dotlinecode.com\\\/#website\"},\"datePublished\":\"2022-08-10T17:07:07+00:00\",\"dateModified\":\"2025-02-27T17:02:49+00:00\",\"breadcrumb\":{\"@id\":\"https:\\\/\\\/dotlinecode.com\\\/polityka-prywatnosci\\\/#breadcrumb\"},\"inLanguage\":\"fr-FR\",\"potentialAction\":[{\"@type\":\"ReadAction\",\"target\":[\"https:\\\/\\\/dotlinecode.com\\\/polityka-prywatnosci\\\/\"]}]},{\"@type\":\"BreadcrumbList\",\"@id\":\"https:\\\/\\\/dotlinecode.com\\\/polityka-prywatnosci\\\/#breadcrumb\",\"itemListElement\":[{\"@type\":\"ListItem\",\"position\":1,\"name\":\"Home\",\"item\":\"https:\\\/\\\/dotlinecode.com\\\/fr\\\/\"},{\"@type\":\"ListItem\",\"position\":2,\"name\":\"Politique de Confidentialit\u00e9\"}]},{\"@type\":\"WebSite\",\"@id\":\"https:\\\/\\\/dotlinecode.com\\\/#website\",\"url\":\"https:\\\/\\\/dotlinecode.com\\\/\",\"name\":\"DotLineCode\",\"description\":\"\",\"publisher\":{\"@id\":\"https:\\\/\\\/dotlinecode.com\\\/#organization\"},\"potentialAction\":[{\"@type\":\"SearchAction\",\"target\":{\"@type\":\"EntryPoint\",\"urlTemplate\":\"https:\\\/\\\/dotlinecode.com\\\/?s={search_term_string}\"},\"query-input\":{\"@type\":\"PropertyValueSpecification\",\"valueRequired\":true,\"valueName\":\"search_term_string\"}}],\"inLanguage\":\"fr-FR\"},{\"@type\":\"Organization\",\"@id\":\"https:\\\/\\\/dotlinecode.com\\\/#organization\",\"name\":\"DotLineCode\",\"url\":\"https:\\\/\\\/dotlinecode.com\\\/\",\"logo\":{\"@type\":\"ImageObject\",\"inLanguage\":\"fr-FR\",\"@id\":\"https:\\\/\\\/dotlinecode.com\\\/#\\\/schema\\\/logo\\\/image\\\/\",\"url\":\"https:\\\/\\\/dotlinecode.com\\\/wp-content\\\/uploads\\\/2026\\\/04\\\/dotlinecode.png\",\"contentUrl\":\"https:\\\/\\\/dotlinecode.com\\\/wp-content\\\/uploads\\\/2026\\\/04\\\/dotlinecode.png\",\"width\":243,\"height\":203,\"caption\":\"DotLineCode\"},\"image\":{\"@id\":\"https:\\\/\\\/dotlinecode.com\\\/#\\\/schema\\\/logo\\\/image\\\/\"},\"sameAs\":[\"https:\\\/\\\/www.facebook.com\\\/people\\\/Dot-Line-Code\\\/100083157174992\\\/\",\"https:\\\/\\\/www.behance.net\\\/dotlinecodeagency\"]}]}<\/script>\n<!-- \/ Yoast SEO plugin. -->","yoast_head_json":{"title":"Politique de Confidentialit\u00e9 &#8212; DotLineCode","robots":{"index":"index","follow":"follow","max-snippet":"max-snippet:-1","max-image-preview":"max-image-preview:large","max-video-preview":"max-video-preview:-1"},"canonical":"https:\/\/dotlinecode.com\/polityka-prywatnosci\/","og_locale":"fr_FR","og_type":"article","og_title":"Politique de Confidentialit\u00e9 &#8212; DotLineCode","og_description":"Politique de Cookies Notre site utilise des cookies et des fichiers similaires pour adapter le site aux besoins des utilisateurs et \u00e0 des fins statistiques. Les cookies sont de petits fichiers texte envoy\u00e9s par le site web visit\u00e9 par l&rsquo;utilisateur \u00e0 l&rsquo;appareil de l&rsquo;utilisateur. Les cookies sont \u00e9galement utilis\u00e9s par les sites web auxquels nous [&hellip;]","og_url":"https:\/\/dotlinecode.com\/polityka-prywatnosci\/","og_site_name":"DotLineCode","article_publisher":"https:\/\/www.facebook.com\/people\/Dot-Line-Code\/100083157174992\/","article_modified_time":"2025-02-27T17:02:49+00:00","og_image":[{"width":243,"height":203,"url":"https:\/\/dotlinecode.com\/wp-content\/uploads\/2026\/04\/dotlinecode.png","type":"image\/png"}],"twitter_card":"summary_large_image","twitter_misc":{"Dur\u00e9e de lecture estim\u00e9e":"10 minutes"},"schema":{"@context":"https:\/\/schema.org","@graph":[{"@type":"WebPage","@id":"https:\/\/dotlinecode.com\/polityka-prywatnosci\/","url":"https:\/\/dotlinecode.com\/polityka-prywatnosci\/","name":"Politique de Confidentialit\u00e9 &#8212; DotLineCode","isPartOf":{"@id":"https:\/\/dotlinecode.com\/#website"},"datePublished":"2022-08-10T17:07:07+00:00","dateModified":"2025-02-27T17:02:49+00:00","breadcrumb":{"@id":"https:\/\/dotlinecode.com\/polityka-prywatnosci\/#breadcrumb"},"inLanguage":"fr-FR","potentialAction":[{"@type":"ReadAction","target":["https:\/\/dotlinecode.com\/polityka-prywatnosci\/"]}]},{"@type":"BreadcrumbList","@id":"https:\/\/dotlinecode.com\/polityka-prywatnosci\/#breadcrumb","itemListElement":[{"@type":"ListItem","position":1,"name":"Home","item":"https:\/\/dotlinecode.com\/fr\/"},{"@type":"ListItem","position":2,"name":"Politique de Confidentialit\u00e9"}]},{"@type":"WebSite","@id":"https:\/\/dotlinecode.com\/#website","url":"https:\/\/dotlinecode.com\/","name":"DotLineCode","description":"","publisher":{"@id":"https:\/\/dotlinecode.com\/#organization"},"potentialAction":[{"@type":"SearchAction","target":{"@type":"EntryPoint","urlTemplate":"https:\/\/dotlinecode.com\/?s={search_term_string}"},"query-input":{"@type":"PropertyValueSpecification","valueRequired":true,"valueName":"search_term_string"}}],"inLanguage":"fr-FR"},{"@type":"Organization","@id":"https:\/\/dotlinecode.com\/#organization","name":"DotLineCode","url":"https:\/\/dotlinecode.com\/","logo":{"@type":"ImageObject","inLanguage":"fr-FR","@id":"https:\/\/dotlinecode.com\/#\/schema\/logo\/image\/","url":"https:\/\/dotlinecode.com\/wp-content\/uploads\/2026\/04\/dotlinecode.png","contentUrl":"https:\/\/dotlinecode.com\/wp-content\/uploads\/2026\/04\/dotlinecode.png","width":243,"height":203,"caption":"DotLineCode"},"image":{"@id":"https:\/\/dotlinecode.com\/#\/schema\/logo\/image\/"},"sameAs":["https:\/\/www.facebook.com\/people\/Dot-Line-Code\/100083157174992\/","https:\/\/www.behance.net\/dotlinecodeagency"]}]}},"_links":{"self":[{"href":"https:\/\/dotlinecode.com\/fr\/wp-json\/wp\/v2\/pages\/1652","targetHints":{"allow":["GET"]}}],"collection":[{"href":"https:\/\/dotlinecode.com\/fr\/wp-json\/wp\/v2\/pages"}],"about":[{"href":"https:\/\/dotlinecode.com\/fr\/wp-json\/wp\/v2\/types\/page"}],"author":[{"embeddable":true,"href":"https:\/\/dotlinecode.com\/fr\/wp-json\/wp\/v2\/users\/2"}],"replies":[{"embeddable":true,"href":"https:\/\/dotlinecode.com\/fr\/wp-json\/wp\/v2\/comments?post=1652"}],"version-history":[{"count":4,"href":"https:\/\/dotlinecode.com\/fr\/wp-json\/wp\/v2\/pages\/1652\/revisions"}],"predecessor-version":[{"id":1943,"href":"https:\/\/dotlinecode.com\/fr\/wp-json\/wp\/v2\/pages\/1652\/revisions\/1943"}],"wp:attachment":[{"href":"https:\/\/dotlinecode.com\/fr\/wp-json\/wp\/v2\/media?parent=1652"}],"curies":[{"name":"wp","href":"https:\/\/api.w.org\/{rel}","templated":true}]}}